{"id":21,"date":"2022-02-02T11:03:46","date_gmt":"2022-02-02T11:03:46","guid":{"rendered":"https:\/\/prettytrendie.com\/?page_id=21"},"modified":"2022-03-17T07:52:50","modified_gmt":"2022-03-17T07:52:50","slug":"about-us","status":"publish","type":"page","link":"https:\/\/prettytrendie.com\/tr\/about-us\/","title":{"rendered":"Bizim Hakk\u0131m\u0131zda"},"content":{"rendered":"<blockquote><p><img loading=\"lazy\" decoding=\"async\" class=\"aligncenter wp-image-388 size-full\" src=\"https:\/\/prettytrendie.com\/wp-content\/uploads\/2022\/03\/pretty02.jpg\" alt=\"Pretty Trendie \u2013 Level up your looks and style with the latest fashion trends!\" width=\"162\" height=\"60\" \/><\/p>\n<p>Pretty Trendie &#8211; En son moda trendleriyle g\u00f6r\u00fcn\u00fcm\u00fcn\u00fcz\u00fc ve stilinizi y\u00fckseltin!<\/p><\/blockquote>\n<p><a href=\"http:\/\/prettytrendie.com\"><em><strong>Pretty Trendie<\/strong><\/em><\/a>, moda ve al\u0131\u015fveri\u015fteki en son trendler konusunda uzmanla\u015fm\u0131\u015f bir Moda Blogudur. Her kad\u0131n\u0131n yeni normal d\u00fcnyam\u0131zla y\u00fczle\u015firken stillerini g\u00fcncellemek ve \u00f6zg\u00fcvenlerini art\u0131rmak i\u00e7in ihtiya\u00e7lar\u0131n\u0131 vurgulayacak en iyi referans olmay\u0131 hedefliyoruz.<\/p>\n<p>En son moda trendiyle ba\u015fa \u00e7\u0131kman\u0131n ger\u00e7ekten pahal\u0131 olmad\u0131\u011f\u0131na, Moda Giyim, \u00c7anta, Ayakkab\u0131, Tak\u0131, Saat ve G\u00fczellik \u00fcr\u00fcnlerinizi nas\u0131l se\u00e7ti\u011finize g\u00f6re modada kalma f\u0131rsat\u0131 verecek bir yat\u0131r\u0131m oldu\u011funa inand\u0131k. &amp; Cilt bak\u0131m \u00fcr\u00fcnleri. Moda trendleri her sezon ve her y\u0131l de\u011fi\u015fti\u011fi i\u00e7in elbette u\u011fra\u015fman\u0131za gerek yok.<\/p>\n<p><a href=\"http:\/\/prettytrendie.com\"><em>PrettyTrendie.com<\/em><\/a>, moda trendleri, ya\u015fam tarz\u0131 ve al\u0131\u015fveri\u015fle ilgilenen kad\u0131nlar i\u00e7in ipu\u00e7lar\u0131 ve k\u0131lavuzlar i\u00e7eren blog makaleleri sunacak. Web sitemizi bug\u00fcn ke\u015ffetmeye ba\u015flay\u0131n ve moda anlay\u0131\u015f\u0131n\u0131z\u0131 ve zevkinizi ayn\u0131 anda geli\u015ftirmenize kesinlikle yard\u0131mc\u0131 olacak en iyi ipu\u00e7lar\u0131ndan ve rehber makalelerden \u00f6\u011frenin.<\/p>\n","protected":false},"excerpt":{"rendered":"<p>Pretty Trendie &#8211; En son moda trendleriyle g\u00f6r\u00fcn\u00fcm\u00fcn\u00fcz\u00fc ve stilinizi y\u00fckseltin! Pretty Trendie, moda ve al\u0131\u015fveri\u015fteki en son trendler konusunda uzmanla\u015fm\u0131\u015f bir Moda Blogudur. Her kad\u0131n\u0131n yeni normal d\u00fcnyam\u0131zla y\u00fczle\u015firken&hellip;<\/p>\n","protected":false},"author":1,"featured_media":0,"parent":0,"menu_order":0,"comment_status":"closed","ping_status":"closed","template":"","meta":{"footnotes":""},"class_list":["post-21","page","type-page","status-publish"],"_links":{"self":[{"href":"https:\/\/prettytrendie.com\/tr\/wp-json\/wp\/v2\/pages\/21","targetHints":{"allow":["GET"]}}],"collection":[{"href":"https:\/\/prettytrendie.com\/tr\/wp-json\/wp\/v2\/pages"}],"about":[{"href":"https:\/\/prettytrendie.com\/tr\/wp-json\/wp\/v2\/types\/page"}],"author":[{"embeddable":true,"href":"https:\/\/prettytrendie.com\/tr\/wp-json\/wp\/v2\/users\/1"}],"replies":[{"embeddable":true,"href":"https:\/\/prettytrendie.com\/tr\/wp-json\/wp\/v2\/comments?post=21"}],"version-history":[{"count":5,"href":"https:\/\/prettytrendie.com\/tr\/wp-json\/wp\/v2\/pages\/21\/revisions"}],"predecessor-version":[{"id":399,"href":"https:\/\/prettytrendie.com\/tr\/wp-json\/wp\/v2\/pages\/21\/revisions\/399"}],"wp:attachment":[{"href":"https:\/\/prettytrendie.com\/tr\/wp-json\/wp\/v2\/media?parent=21"}],"curies":[{"name":"wp","href":"https:\/\/api.w.org\/{rel}","templated":true}]}}