{"id":21,"date":"2022-02-02T11:03:46","date_gmt":"2022-02-02T11:03:46","guid":{"rendered":"https:\/\/prettytrendie.com\/?page_id=21"},"modified":"2022-05-20T13:39:09","modified_gmt":"2022-05-20T13:39:09","slug":"about-us","status":"publish","type":"page","link":"https:\/\/prettytrendie.com\/pl\/about-us\/","title":{"rendered":"O nas"},"content":{"rendered":"<blockquote><p><img loading=\"lazy\" decoding=\"async\" class=\"aligncenter wp-image-388 size-full\" title=\"Pretty Trendie - Aprimore na aparycj\u0119 i styl z najnowszymi trendami w modzie!\" src=\"https:\/\/prettytrendie.com\/wp-content\/uploads\/2022\/03\/pretty02.jpg\" sizes=\"auto, (max-width: 162px) 100vw, 162px\" srcset=\"https:\/\/translate.google.com\/website?sl=en&amp;tl=pl&amp;hl=en&amp;client=webapp&amp;u=https:\/\/prettytrendie.com\/wp-content\/uploads\/2022\/03\/pretty02.jpg 162w,https:\/\/translate.google.com\/website?sl=en&amp;tl=pl&amp;hl=en&amp;client=webapp&amp;u=https:\/\/prettytrendie.com\/wp-content\/uploads\/2022\/03\/pretty02-120x44.jpg 120w,https:\/\/translate.google.com\/website?sl=en&amp;tl=pl&amp;hl=en&amp;client=webapp&amp;u=https:\/\/prettytrendie.com\/wp-content\/uploads\/2022\/03\/pretty02-90x33.jpg 90w\" alt=\"Pretty Trendie \u2013 Wyr\u00f3wnaj sw\u00f3j wygl\u0105d i styl dzi\u0119ki najnowszym trendom w modzie!\" width=\"162\" height=\"60\" \/><\/p>\n<p>&nbsp;<\/p>\n<p><strong><i><span>Pretty Trendie<\/span><\/i><span>\u00a0\u2013 Wyr\u00f3wnaj sw\u00f3j wygl\u0105d i styl dzi\u0119ki najnowszym trendom w modzie!<\/span><\/strong><\/p><\/blockquote>\n<p><a href=\"https:\/\/prettytrendie-com.translate.goog\/?_x_tr_sl=en&amp;_x_tr_tl=pl&amp;_x_tr_hl=en&amp;_x_tr_pto=wapp&amp;_x_tr_sch=http\" rel=\"\"><b><span>Pretty Trendie<\/span><\/b><\/a><span>\u00a0to blog modowy, kt\u00f3ry specjalizuje si\u0119 w najnowszych trendach w modzie i zakupach.\u00a0Chcemy by\u0107 najlepsz\u0105 referencj\u0105, kt\u00f3ra podkre\u015bli potrzeby ka\u017cdej kobiety, aby wyr\u00f3wna\u0107 sw\u00f3j styl i zwi\u0119kszy\u0107 ich pewno\u015b\u0107 siebie, gdy mierz\u0105 si\u0119 z naszym nowym, normalnym \u015bwiatem.<\/span><\/p>\n<p><span>Wierzymy, \u017ce radzenie sobie z najnowszymi trendami w modzie nie jest naprawd\u0119 drogie, jest to inwestycja, kt\u00f3ra da Ci mo\u017cliwo\u015b\u0107 pozostania modnym, w stylu, w zale\u017cno\u015bci od tego, jak wybierzesz swoj\u0105\u00a0<\/span><a href=\"https:\/\/translate.google.com\/website?sl=en&amp;tl=pl&amp;hl=en&amp;client=webapp&amp;u=https:\/\/prettytrendie.com\/how-to-keep-up-with-fashion-trends\/\" rel=\"\"><b><i><span>odzie\u017c<\/span><\/i><\/b><\/a><b><i><span>\u00a0,\u00a0<\/span><\/i><\/b><a href=\"https:\/\/translate.google.com\/website?sl=en&amp;tl=pl&amp;hl=en&amp;client=webapp&amp;u=https:\/\/prettytrendie.com\/top-reasons-to-buy-a-gucci-bag\/\" rel=\"\"><b><i><span>torebki<\/span><\/i><\/b><\/a><b><i><span>\u00a0,\u00a0<\/span><\/i><\/b><a href=\"https:\/\/translate.google.com\/website?sl=en&amp;tl=pl&amp;hl=en&amp;client=webapp&amp;u=https:\/\/prettytrendie.com\/the-best-boots-to-invest-in-this-autumn\/\" rel=\"\"><b><i><span>buty<\/span><\/i><\/b><\/a><b><i><span>\u00a0,\u00a0<\/span><\/i><\/b><a href=\"https:\/\/translate.google.com\/website?sl=en&amp;tl=pl&amp;hl=en&amp;client=webapp&amp;u=https:\/\/prettytrendie.com\/8-of-todays-trendiest-necklace-styles\/\" rel=\"\"><b><i><span>bi\u017cuteri\u0119<\/span><\/i><\/b><\/a><b><i><span>\u00a0, zegarki<\/span><\/i><\/b><span>\u00a0i\u00a0<\/span><b><i><span>urod\u0119 i produkty do piel\u0119gnacji sk\u00f3ry<\/span><\/i><\/b><span>\u00a0.\u00a0Oczywi\u015bcie nie musisz walczy\u0107, poniewa\u017c trendy w modzie zmieniaj\u0105 si\u0119 co sezon i rok.<\/span><\/p>\n<p><a href=\"https:\/\/prettytrendie-com.translate.goog\/?_x_tr_sl=en&amp;_x_tr_tl=pl&amp;_x_tr_hl=en&amp;_x_tr_pto=wapp&amp;_x_tr_sch=http\" rel=\"\"><i><span>PrettyTrendie.com<\/span><\/i><\/a><span>\u00a0b\u0119dzie zawiera\u0107 wskaz\u00f3wki i artyku\u0142y na blogu dla kobiet, kt\u00f3re interesuj\u0105 si\u0119 trendami w modzie, stylem \u017cycia i zakupami.\u00a0Ju\u017c dzi\u015b zacznij odkrywa\u0107 nasz\u0105 stron\u0119 i ucz si\u0119 z najlepszych wskaz\u00f3wek i artyku\u0142\u00f3w poradnikowych, kt\u00f3re z pewno\u015bci\u0105 pomog\u0105 Ci jednocze\u015bnie poprawi\u0107 wyczucie mody i smak.<\/span><\/p>\n","protected":false},"excerpt":{"rendered":"<p>&nbsp; Pretty Trendie\u00a0\u2013 Wyr\u00f3wnaj sw\u00f3j wygl\u0105d i styl dzi\u0119ki najnowszym trendom w modzie! Pretty Trendie\u00a0to blog modowy, kt\u00f3ry specjalizuje si\u0119 w najnowszych trendach w modzie i zakupach.\u00a0Chcemy by\u0107 najlepsz\u0105 referencj\u0105,&hellip;<\/p>\n","protected":false},"author":1,"featured_media":0,"parent":0,"menu_order":0,"comment_status":"closed","ping_status":"closed","template":"","meta":{"footnotes":""},"class_list":["post-21","page","type-page","status-publish"],"_links":{"self":[{"href":"https:\/\/prettytrendie.com\/pl\/wp-json\/wp\/v2\/pages\/21","targetHints":{"allow":["GET"]}}],"collection":[{"href":"https:\/\/prettytrendie.com\/pl\/wp-json\/wp\/v2\/pages"}],"about":[{"href":"https:\/\/prettytrendie.com\/pl\/wp-json\/wp\/v2\/types\/page"}],"author":[{"embeddable":true,"href":"https:\/\/prettytrendie.com\/pl\/wp-json\/wp\/v2\/users\/1"}],"replies":[{"embeddable":true,"href":"https:\/\/prettytrendie.com\/pl\/wp-json\/wp\/v2\/comments?post=21"}],"version-history":[{"count":1,"href":"https:\/\/prettytrendie.com\/pl\/wp-json\/wp\/v2\/pages\/21\/revisions"}],"predecessor-version":[{"id":571,"href":"https:\/\/prettytrendie.com\/pl\/wp-json\/wp\/v2\/pages\/21\/revisions\/571"}],"wp:attachment":[{"href":"https:\/\/prettytrendie.com\/pl\/wp-json\/wp\/v2\/media?parent=21"}],"curies":[{"name":"wp","href":"https:\/\/api.w.org\/{rel}","templated":true}]}}