{"id":21,"date":"2022-02-02T11:03:46","date_gmt":"2022-02-02T11:03:46","guid":{"rendered":"https:\/\/prettytrendie.com\/?page_id=21"},"modified":"2022-03-17T09:19:04","modified_gmt":"2022-03-17T09:19:04","slug":"about-us","status":"publish","type":"page","link":"https:\/\/prettytrendie.com\/in\/about-us\/","title":{"rendered":"About Us"},"content":{"rendered":"<blockquote><p><img loading=\"lazy\" decoding=\"async\" class=\"aligncenter wp-image-388 size-full\" title=\"Pretty Trendie - Aprimore sua apar\u00eancia e estilo com as \u00faltimas tend\u00eancias da moda!\" src=\"https:\/\/prettytrendie.com\/wp-content\/uploads\/2022\/03\/pretty02.jpg\" alt=\"Pretty Trendie \u2013 Level up your looks and style with the latest fashion trends!\" width=\"162\" height=\"60\" \/><\/p>\n<p>&nbsp;<\/p>\n<p><i><span style=\"font-weight: 400;\">Pretty Trendie<\/span><\/i><span style=\"font-weight: 400;\"> &#8211; Level up your looks and style with the latest fashion trends!<\/span><\/p><\/blockquote>\n<p><a href=\"http:\/\/prettytrendie.com\/\"><b>Pretty Trendie<\/b><\/a><span style=\"font-weight: 400;\"> is a Fashion Blog which specializes in the latest trends in fashion and shopping. We aim to be the\u00a0 best reference that will highlight every woman&#8217;s\u00a0 necessities to level up their style and boost their confidence as they face our new normal world.<\/span><\/p>\n<p><span style=\"font-weight: 400;\">We believe that coping up with the latest fashion trend isn&#8217;t truly expensive, it&#8217;s an investment that will give you an opportunity to stay fashionable, in style according to how you choose your<\/span><a href=\"https:\/\/prettytrendie.com\/how-to-keep-up-with-fashion-trends\/\"><b><i>Fashion Clothing<\/i><\/b><\/a><b><i>,<\/i><\/b><a href=\"https:\/\/prettytrendie.com\/top-reasons-to-buy-a-gucci-bag\/\"><b><i>Handbags<\/i><\/b><\/a><b><i>,<\/i><\/b><a href=\"https:\/\/prettytrendie.com\/the-best-boots-to-invest-in-this-autumn\/\"><b><i>Shoes<\/i><\/b><\/a><b><i>,<\/i><\/b><a href=\"https:\/\/prettytrendie.com\/8-of-todays-trendiest-necklace-styles\/\"><b><i>Jewelry<\/i><\/b><\/a><b><i>, Watches, <\/i><\/b><span style=\"font-weight: 400;\">and<\/span><b><i> Beauty &amp; Skin Care Products<\/i><\/b><span style=\"font-weight: 400;\">. By all means, you don&#8217;t have to be struggling as fashion trends change every season and every year.<\/span><\/p>\n<p><a href=\"http:\/\/prettytrendie.com\/\"><i><span style=\"font-weight: 400;\">PrettyTrendie.com<\/span><\/i><\/a><span style=\"font-weight: 400;\"> will feature tips and guide blog articles for women who are interested about fashion trends, lifestyle, and shopping. Start exploring our website today and learn from the very best tips and guide articles\u00a0 that will surely help you to improve your fashion sense and taste at the same time.<\/span><\/p>\n<p>&nbsp;<\/p>\n","protected":false},"excerpt":{"rendered":"<p>&nbsp; Pretty Trendie &#8211; Level up your looks and style with the latest fashion trends! Pretty Trendie is a Fashion Blog which specializes in the latest trends in fashion and&hellip;<\/p>\n","protected":false},"author":1,"featured_media":0,"parent":0,"menu_order":0,"comment_status":"closed","ping_status":"closed","template":"","meta":{"footnotes":""},"class_list":["post-21","page","type-page","status-publish"],"_links":{"self":[{"href":"https:\/\/prettytrendie.com\/in\/wp-json\/wp\/v2\/pages\/21","targetHints":{"allow":["GET"]}}],"collection":[{"href":"https:\/\/prettytrendie.com\/in\/wp-json\/wp\/v2\/pages"}],"about":[{"href":"https:\/\/prettytrendie.com\/in\/wp-json\/wp\/v2\/types\/page"}],"author":[{"embeddable":true,"href":"https:\/\/prettytrendie.com\/in\/wp-json\/wp\/v2\/users\/1"}],"replies":[{"embeddable":true,"href":"https:\/\/prettytrendie.com\/in\/wp-json\/wp\/v2\/comments?post=21"}],"version-history":[{"count":2,"href":"https:\/\/prettytrendie.com\/in\/wp-json\/wp\/v2\/pages\/21\/revisions"}],"predecessor-version":[{"id":315,"href":"https:\/\/prettytrendie.com\/in\/wp-json\/wp\/v2\/pages\/21\/revisions\/315"}],"wp:attachment":[{"href":"https:\/\/prettytrendie.com\/in\/wp-json\/wp\/v2\/media?parent=21"}],"curies":[{"name":"wp","href":"https:\/\/api.w.org\/{rel}","templated":true}]}}