{"id":21,"date":"2022-02-02T11:03:46","date_gmt":"2022-02-02T11:03:46","guid":{"rendered":"https:\/\/prettytrendie.com\/?page_id=21"},"modified":"2022-03-17T08:37:37","modified_gmt":"2022-03-17T08:37:37","slug":"about-us","status":"publish","type":"page","link":"https:\/\/prettytrendie.com\/fr\/about-us\/","title":{"rendered":"\u00c0 Propos de Nous"},"content":{"rendered":"<blockquote><p><img loading=\"lazy\" decoding=\"async\" class=\"aligncenter wp-image-405 size-full\" title=\"Pretty Trendie - Am\u00e9liorez votre apparence et votre style avec les derni\u00e8res tendances de la mode !\" src=\"https:\/\/prettytrendie.com\/fr\/wp-content\/uploads\/2022\/03\/pretty02.jpg\" alt=\"\" width=\"162\" height=\"60\" srcset=\"https:\/\/prettytrendie.com\/fr\/wp-content\/uploads\/2022\/03\/pretty02.jpg 162w, https:\/\/prettytrendie.com\/fr\/wp-content\/uploads\/2022\/03\/pretty02-120x44.jpg 120w, https:\/\/prettytrendie.com\/fr\/wp-content\/uploads\/2022\/03\/pretty02-90x33.jpg 90w\" sizes=\"auto, (max-width: 162px) 100vw, 162px\" \/><\/p>\n<p>&nbsp;<\/p>\n<p>Pretty Trendie &#8211; Am\u00e9liorez votre apparence et votre style avec les derni\u00e8res tendances de la mode!<\/p><\/blockquote>\n<p><a href=\"http:\/\/prettytrendie.com\"><strong>Pretty Trendie<\/strong><\/a> est un blog de mode sp\u00e9cialis\u00e9 dans les derni\u00e8res tendances de la mode et du shopping. Notre objectif est d&#8217;\u00eatre la meilleure r\u00e9f\u00e9rence qui mettra en \u00e9vidence les n\u00e9cessit\u00e9s de chaque femme pour mettre \u00e0 jour son style et renforcer sa confiance face \u00e0 notre nouveau monde normal.<\/p>\n<p>Nous pensons que faire face \u00e0 la derni\u00e8re tendance de la mode n&#8217;est pas vraiment cher, c&#8217;est un investissement qui vous donnera l&#8217;opportunit\u00e9 de rester \u00e0 la mode, avec style en fonction de la fa\u00e7on dont vous choisissez vos <em><strong>v\u00eatements de mode<\/strong><\/em>, <em><strong>sacs \u00e0 main<\/strong><\/em>, <em><strong>chaussures<\/strong><\/em>, <em><strong>bijoux<\/strong><\/em>, <em><strong>montres<\/strong><\/em> et <em><strong>beaut\u00e9. &amp; Produits de soins de la peau<\/strong><\/em>. Bien s\u00fbr, vous n&#8217;avez pas \u00e0 vous d\u00e9battre car les tendances de la mode changent chaque saison et chaque ann\u00e9e.<\/p>\n<p><a href=\"http:\/\/prettytrendie.com\"><em>PrettyTrendie.com<\/em><\/a> proposera des conseils et des guides d&#8217;articles de blog pour les femmes int\u00e9ress\u00e9es par les tendances de la mode, le style de vie et le shopping. Commencez \u00e0 explorer notre site Web d\u00e8s aujourd&#8217;hui et d\u00e9couvrez les meilleurs conseils et articles de guide qui vous aideront s\u00fbrement \u00e0 am\u00e9liorer votre sens de la mode et votre go\u00fbt en m\u00eame temps.<\/p>\n","protected":false},"excerpt":{"rendered":"<p>&nbsp; Pretty Trendie &#8211; Am\u00e9liorez votre apparence et votre style avec les derni\u00e8res tendances de la mode! Pretty Trendie est un blog de mode sp\u00e9cialis\u00e9 dans les derni\u00e8res tendances de&hellip;<\/p>\n","protected":false},"author":1,"featured_media":0,"parent":0,"menu_order":0,"comment_status":"closed","ping_status":"closed","template":"","meta":{"footnotes":""},"class_list":["post-21","page","type-page","status-publish"],"_links":{"self":[{"href":"https:\/\/prettytrendie.com\/fr\/wp-json\/wp\/v2\/pages\/21","targetHints":{"allow":["GET"]}}],"collection":[{"href":"https:\/\/prettytrendie.com\/fr\/wp-json\/wp\/v2\/pages"}],"about":[{"href":"https:\/\/prettytrendie.com\/fr\/wp-json\/wp\/v2\/types\/page"}],"author":[{"embeddable":true,"href":"https:\/\/prettytrendie.com\/fr\/wp-json\/wp\/v2\/users\/1"}],"replies":[{"embeddable":true,"href":"https:\/\/prettytrendie.com\/fr\/wp-json\/wp\/v2\/comments?post=21"}],"version-history":[{"count":5,"href":"https:\/\/prettytrendie.com\/fr\/wp-json\/wp\/v2\/pages\/21\/revisions"}],"predecessor-version":[{"id":415,"href":"https:\/\/prettytrendie.com\/fr\/wp-json\/wp\/v2\/pages\/21\/revisions\/415"}],"wp:attachment":[{"href":"https:\/\/prettytrendie.com\/fr\/wp-json\/wp\/v2\/media?parent=21"}],"curies":[{"name":"wp","href":"https:\/\/api.w.org\/{rel}","templated":true}]}}