{"id":21,"date":"2022-02-02T11:03:46","date_gmt":"2022-02-02T11:03:46","guid":{"rendered":"https:\/\/prettytrendie.com\/de\/uber-uns"},"modified":"2022-03-26T10:42:02","modified_gmt":"2022-03-26T10:42:02","slug":"uber-uns","status":"publish","type":"page","link":"https:\/\/prettytrendie.com\/de\/uber-uns\/","title":{"rendered":"\u00dcber uns"},"content":{"rendered":"<blockquote><p><strong><i><span><span class=\"\">Pretty Trendie<\/span><\/span><\/i><span><span class=\"\">\u00a0\u2013 Werte deinen Look und deinen Stil mit den neuesten Modetrends auf!<\/span><\/span><\/strong><\/p><\/blockquote>\n<p><a href=\"https:\/\/prettytrendie.com\" rel=\"\"><b><span>Pretty Trendie<\/span><\/b><\/a><span>\u00a0ist ein Modeblog, der sich auf die neuesten Mode- und Shoppingtrends spezialisiert hat.\u00a0Unser Ziel ist es, die beste Referenz zu sein, die die Bed\u00fcrfnisse jeder Frau hervorhebt, ihren Stil zu verbessern und ihr Selbstvertrauen zu st\u00e4rken, wenn sie sich unserer neuen normalen Welt stellen.<\/span><\/p>\n<p><span>Wir glauben, dass die Bew\u00e4ltigung des neuesten Modetrends nicht wirklich teuer ist, sondern eine Investition, die Ihnen die M\u00f6glichkeit gibt, modisch und stilvoll zu bleiben, je nachdem, wie Sie Ihre modische\u00a0<\/span><a href=\"https:\/\/prettytrendie.com\/how-to-keep-up-with-fashion-trends\/?_x_tr_sl=en&amp;_x_tr_tl=de&amp;_x_tr_hl=en&amp;_x_tr_pto=wapp\" rel=\"\"><b><i><span>Kleidung<\/span><\/i><\/b><\/a><b><i><span>\u00a0,\u00a0<\/span><\/i><\/b><a href=\"https:\/\/prettytrendie.com\/top-reasons-to-buy-a-gucci-bag\/?_x_tr_sl=en&amp;_x_tr_tl=de&amp;_x_tr_hl=en&amp;_x_tr_pto=wapp\" rel=\"\"><b><i><span>Handtaschen<\/span><\/i><\/b><\/a><b><i><span>\u00a0,\u00a0<\/span><\/i><\/b><a href=\"https:\/\/prettytrendie.com\/the-best-boots-to-invest-in-this-autumn\/?_x_tr_sl=en&amp;_x_tr_tl=de&amp;_x_tr_hl=en&amp;_x_tr_pto=wapp\" rel=\"\"><b><i><span>Schuhe<\/span><\/i><\/b><\/a><b><i><span>\u00a0,\u00a0<\/span><\/i><\/b><a href=\"https:\/\/prettytrendie.com\/8-of-todays-trendiest-necklace-styles\/?_x_tr_sl=en&amp;_x_tr_tl=de&amp;_x_tr_hl=en&amp;_x_tr_pto=wapp\" rel=\"\"><b><i><span>Schmuck<\/span><\/i><\/b><\/a><b><i><span>\u00a0, Uhren<\/span><\/i><\/b><span>\u00a0und\u00a0<\/span><b><i><span>Sch\u00f6nheit ausw\u00e4hlen\u00a0&amp; Hautpflegeprodukte<\/span><\/i><\/b><span>\u00a0.\u00a0Auf jeden Fall m\u00fcssen Sie sich nicht abm\u00fchen, da sich die Modetrends jede Saison und jedes Jahr \u00e4ndern.<\/span><\/p>\n<p><a href=\"https:\/\/prettytrendie.com\" rel=\"\"><i><span>PrettyTrendie.com<\/span><\/i><\/a><span>\u00a0bietet Tipps und Blog-Artikel mit Leitf\u00e4den f\u00fcr Frauen, die sich f\u00fcr Modetrends, Lifestyle und Shopping interessieren.\u00a0Beginnen Sie noch heute mit der Erkundung unserer Website und lernen Sie von den allerbesten Tipps und Ratgeberartikeln, die Ihnen sicherlich helfen werden, gleichzeitig Ihren Sinn f\u00fcr Mode und Ihren Geschmack zu verbessern.<\/span><\/p>\n","protected":false},"excerpt":{"rendered":"<p>Pretty Trendie\u00a0\u2013 Werte deinen Look und deinen Stil mit den neuesten Modetrends auf! Pretty Trendie\u00a0ist ein Modeblog, der sich auf die neuesten Mode- und Shoppingtrends spezialisiert hat.\u00a0Unser Ziel ist es,&hellip;<\/p>\n","protected":false},"author":1,"featured_media":0,"parent":0,"menu_order":0,"comment_status":"closed","ping_status":"closed","template":"","meta":{"footnotes":""},"class_list":["post-21","page","type-page","status-publish"],"_links":{"self":[{"href":"https:\/\/prettytrendie.com\/de\/wp-json\/wp\/v2\/pages\/21","targetHints":{"allow":["GET"]}}],"collection":[{"href":"https:\/\/prettytrendie.com\/de\/wp-json\/wp\/v2\/pages"}],"about":[{"href":"https:\/\/prettytrendie.com\/de\/wp-json\/wp\/v2\/types\/page"}],"author":[{"embeddable":true,"href":"https:\/\/prettytrendie.com\/de\/wp-json\/wp\/v2\/users\/1"}],"replies":[{"embeddable":true,"href":"https:\/\/prettytrendie.com\/de\/wp-json\/wp\/v2\/comments?post=21"}],"version-history":[{"count":2,"href":"https:\/\/prettytrendie.com\/de\/wp-json\/wp\/v2\/pages\/21\/revisions"}],"predecessor-version":[{"id":411,"href":"https:\/\/prettytrendie.com\/de\/wp-json\/wp\/v2\/pages\/21\/revisions\/411"}],"wp:attachment":[{"href":"https:\/\/prettytrendie.com\/de\/wp-json\/wp\/v2\/media?parent=21"}],"curies":[{"name":"wp","href":"https:\/\/api.w.org\/{rel}","templated":true}]}}