{"id":466,"date":"2022-02-23T19:01:18","date_gmt":"2022-02-23T19:01:18","guid":{"rendered":"https:\/\/prettytrendie.com\/br\/?page_id=466"},"modified":"2022-02-23T19:01:18","modified_gmt":"2022-02-23T19:01:18","slug":"politica-de-uso-do-site","status":"publish","type":"page","link":"https:\/\/prettytrendie.com\/br\/politica-de-uso-do-site\/","title":{"rendered":"Pol\u00edtica de uso do site"},"content":{"rendered":"<p><strong><span>Em vigor:<\/span><\/strong><span>\u00a0\u00a022 de fevereiro de 2022<\/span><\/p>\n<p><strong><span>ESTA P\u00c1GINA DESCREVE A NOSSA\u00a0<\/span><u><span>POL\u00cdTICA DE USO DO SITE<\/span><\/u><span>\u00a0.\u00a0POR FAVOR, LEIA ATENTAMENTE ANTES DE USAR ESTE SITE.<\/span><\/strong><\/p>\n<p><span>Ao usar \u201c\u00a0<\/span><strong><span>Accumoli.com\u201d<\/span><\/strong><span>\u00a0\u00a0(tamb\u00e9m referido como \u201cSite\u201d, \u201cWebsite\u201d), voc\u00ea concorda com as pol\u00edticas listadas nesta p\u00e1gina.\u00a0Nossa Pol\u00edtica de Privacidade, juntamente com nossos Termos de Uso, descrevem os fatores que podem afetar nosso conte\u00fado editorial, as informa\u00e7\u00f5es pessoais que coletamos por meio de nosso Site, como coletamos essas informa\u00e7\u00f5es e quais partes, se houver, ter\u00e3o acesso a elas.<\/span><\/p>\n<p><span>Ao usar o Site, que \u00e9 de propriedade e operado pela Yeeti Tech (\u201cEmpresa\u201d, \u201cn\u00f3s\u201d, \u201cn\u00f3s\u201d ou \u201cnosso\u201d), voc\u00ea aceita explicitamente, sem limita\u00e7\u00e3o ou qualifica\u00e7\u00e3o, nossas pr\u00e1ticas relacionadas \u00e0 coleta, uso e compartilhamento de informa\u00e7\u00f5es pessoais fornecidas por voc\u00ea da maneira descrita nesta P\u00e1gina de Pol\u00edtica.\u00a0Se voc\u00ea n\u00e3o concordar com os termos desta P\u00e1gina de Pol\u00edtica, n\u00e3o acesse, navegue ou use este Site.<\/span><\/p>\n<p><span>Recomendamos que voc\u00ea revise esta p\u00e1gina sempre que usar ou acessar o Site para se manter informado.<\/span><\/p>\n<p><strong><span>DETALHES DE CONTATO<\/span><\/strong><br \/>\n<span>Nome completo da pessoa jur\u00eddica: Yeeti Tech Private Limited Company<\/span><\/p>\n<p><span>Yeeti Tech<\/span><br \/>\n<span>International Plaza n\u00ba 22-02<\/span><br \/>\n<span>Cingapura 079903<\/span><\/p>\n<p><span>Endere\u00e7o de e-mail:\u00a0\u00a0<\/span><span>ads@yeeti.com<\/span><\/p>\n","protected":false},"excerpt":{"rendered":"<p>Em vigor:\u00a0\u00a022 de fevereiro de 2022 ESTA P\u00c1GINA DESCREVE A NOSSA\u00a0POL\u00cdTICA DE USO DO SITE\u00a0.\u00a0POR FAVOR, LEIA ATENTAMENTE ANTES DE USAR ESTE SITE. Ao usar \u201c\u00a0Accumoli.com\u201d\u00a0\u00a0(tamb\u00e9m referido como \u201cSite\u201d, \u201cWebsite\u201d),&hellip;<\/p>\n","protected":false},"author":1,"featured_media":0,"parent":0,"menu_order":0,"comment_status":"closed","ping_status":"closed","template":"","meta":{"footnotes":""},"class_list":["post-466","page","type-page","status-publish"],"_links":{"self":[{"href":"https:\/\/prettytrendie.com\/br\/wp-json\/wp\/v2\/pages\/466","targetHints":{"allow":["GET"]}}],"collection":[{"href":"https:\/\/prettytrendie.com\/br\/wp-json\/wp\/v2\/pages"}],"about":[{"href":"https:\/\/prettytrendie.com\/br\/wp-json\/wp\/v2\/types\/page"}],"author":[{"embeddable":true,"href":"https:\/\/prettytrendie.com\/br\/wp-json\/wp\/v2\/users\/1"}],"replies":[{"embeddable":true,"href":"https:\/\/prettytrendie.com\/br\/wp-json\/wp\/v2\/comments?post=466"}],"version-history":[{"count":0,"href":"https:\/\/prettytrendie.com\/br\/wp-json\/wp\/v2\/pages\/466\/revisions"}],"wp:attachment":[{"href":"https:\/\/prettytrendie.com\/br\/wp-json\/wp\/v2\/media?parent=466"}],"curies":[{"name":"wp","href":"https:\/\/api.w.org\/{rel}","templated":true}]}}