{"id":28,"date":"2022-02-02T11:09:02","date_gmt":"2022-02-02T11:09:02","guid":{"rendered":"https:\/\/prettytrendie.com\/?page_id=28"},"modified":"2022-02-23T19:06:12","modified_gmt":"2022-02-23T19:06:12","slug":"disclaimer-disclosure-policy","status":"publish","type":"page","link":"https:\/\/prettytrendie.com\/br\/disclaimer-disclosure-policy\/","title":{"rendered":"Pol\u00edtica de isen\u00e7\u00e3o de responsabilidade e divulga\u00e7\u00e3o"},"content":{"rendered":"<h3 class=\"entry-title\"><span>Em vigor: 22 de fevereiro de 2022<\/span><\/h3>\n<p><span>Accumoli.com faz parte da rede de blogs gerenciada pela Yeeti Tech.\u00a0Este blog aceita formas de publicidade em dinheiro, patroc\u00ednio, inser\u00e7\u00f5es pagas ou outras formas de compensa\u00e7\u00e3o.\u00a0A compensa\u00e7\u00e3o recebida nunca influenciar\u00e1 o conte\u00fado, t\u00f3picos ou postagens feitas neste blog.\u00a0Toda a publicidade est\u00e1 na forma de an\u00fancios gerados por redes de an\u00fancios de terceiros com as quais nos associamos.\u00a0Esses an\u00fancios ser\u00e3o identificados como an\u00fancios pagos.<\/span><\/p>\n<p><span>Observe que a Accumoli.com tem rela\u00e7\u00f5es de marketing e publicidade com alguns dos comerciantes mencionados em nosso blog.\u00a0Podemos ser compensados \u200b\u200bse os consumidores optarem por utilizar os links localizados em todo o conte\u00fado deste site e gerar vendas para o referido comerciante.<\/span><\/p>\n<p><span>De tempos em tempos, tamb\u00e9m somos remunerados para opinar sobre produtos, servi\u00e7os, sites e diversos outros assuntos.\u00a0Mesmo que possamos receber compensa\u00e7\u00e3o por determinadas publica\u00e7\u00f5es ou an\u00fancios, sempre damos nossas opini\u00f5es, descobertas, cren\u00e7as ou experi\u00eancias honestas sobre esses t\u00f3picos ou produtos.\u00a0Os pontos de vista e opini\u00f5es expressas neste blog s\u00e3o de responsabilidade exclusiva dos blogueiros.\u00a0Qualquer reclama\u00e7\u00e3o de produto, estat\u00edstica, cota\u00e7\u00e3o ou outra representa\u00e7\u00e3o sobre um produto ou servi\u00e7o deve ser verificada com o fabricante, fornecedor ou parte em quest\u00e3o.<\/span><\/p>\n<p><span>Tamb\u00e9m podemos nos inscrever como afiliados em diferentes sites de afilia\u00e7\u00e3o, como o Programa de Associados da Amazon Services LLC.\u00a0Eles s\u00e3o programas de publicidade de afiliados projetados para fornecer um meio para que possamos ganhar taxas vinculando-se \u00e0 Amazon.com e a outros sites afiliados.\u00a0Tamb\u00e9m podemos trabalhar como afiliados no Institute for Integrative Nutrition ou em outras redes de programas afiliados de sa\u00fade e bem-estar.\u00a0As opini\u00f5es neste blog n\u00e3o se destinam a atuar como aconselhamento m\u00e9dico ou profissional de sa\u00fade.\u00a0Voc\u00ea deve sempre consultar um profissional m\u00e9dico antes de tomar qualquer decis\u00e3o m\u00e9dica ou de sa\u00fade espec\u00edfica. Este blog n\u00e3o cont\u00e9m nenhum conte\u00fado que possa apresentar um conflito de interesses.<\/span><\/p>\n<p><strong><span>Seguran\u00e7a<\/span><\/strong><\/p>\n<p><span>Estamos comprometidos em garantir que suas informa\u00e7\u00f5es estejam seguras.\u00a0Para evitar o acesso ou divulga\u00e7\u00e3o n\u00e3o autorizados, implementamos procedimentos f\u00edsicos, eletr\u00f4nicos e gerenciais adequados para proteger e proteger as informa\u00e7\u00f5es que coletamos online.<\/span><\/p>\n<p><span>Se voc\u00ea tiver alguma d\u00favida sobre esta isen\u00e7\u00e3o de responsabilidade, envie um e-mail para\u00a0<\/span><span>ads@yeeti.com<\/span><\/p>\n","protected":false},"excerpt":{"rendered":"<p>Em vigor: 22 de fevereiro de 2022 Accumoli.com faz parte da rede de blogs gerenciada pela Yeeti Tech.\u00a0Este blog aceita formas de publicidade em dinheiro, patroc\u00ednio, inser\u00e7\u00f5es pagas ou outras&hellip;<\/p>\n","protected":false},"author":1,"featured_media":0,"parent":0,"menu_order":0,"comment_status":"closed","ping_status":"closed","template":"","meta":{"footnotes":""},"class_list":["post-28","page","type-page","status-publish"],"_links":{"self":[{"href":"https:\/\/prettytrendie.com\/br\/wp-json\/wp\/v2\/pages\/28","targetHints":{"allow":["GET"]}}],"collection":[{"href":"https:\/\/prettytrendie.com\/br\/wp-json\/wp\/v2\/pages"}],"about":[{"href":"https:\/\/prettytrendie.com\/br\/wp-json\/wp\/v2\/types\/page"}],"author":[{"embeddable":true,"href":"https:\/\/prettytrendie.com\/br\/wp-json\/wp\/v2\/users\/1"}],"replies":[{"embeddable":true,"href":"https:\/\/prettytrendie.com\/br\/wp-json\/wp\/v2\/comments?post=28"}],"version-history":[{"count":0,"href":"https:\/\/prettytrendie.com\/br\/wp-json\/wp\/v2\/pages\/28\/revisions"}],"wp:attachment":[{"href":"https:\/\/prettytrendie.com\/br\/wp-json\/wp\/v2\/media?parent=28"}],"curies":[{"name":"wp","href":"https:\/\/api.w.org\/{rel}","templated":true}]}}