{"id":26,"date":"2022-02-02T11:07:44","date_gmt":"2022-02-02T11:07:44","guid":{"rendered":"https:\/\/prettytrendie.com\/?page_id=26"},"modified":"2022-02-23T19:07:36","modified_gmt":"2022-02-23T19:07:36","slug":"cookies-policy","status":"publish","type":"page","link":"https:\/\/prettytrendie.com\/br\/cookies-policy\/","title":{"rendered":"Pol\u00edtica de Cookies"},"content":{"rendered":"<h3 class=\"entry-title\"><span><span class=\"\">Em vigor: 22 de fevereiro de 2022<\/span><\/span><\/h3>\n<p><span>Um cookie \u00e9 um arquivo que cont\u00e9m um identificador (uma sequ\u00eancia de letras e n\u00fameros) que \u00e9 enviado por um servidor da web para um navegador da web e \u00e9 armazenado pelo navegador.\u00a0O identificador \u00e9 ent\u00e3o enviado de volta ao servidor cada vez que o navegador solicita uma p\u00e1gina do servidor.\u00a0Os cookies podem ser cookies \u201cpersistentes\u201d ou cookies de \u201csess\u00e3o\u201d: um cookie persistente ser\u00e1 armazenado por um navegador da web e permanecer\u00e1 v\u00e1lido at\u00e9 a data de expira\u00e7\u00e3o definida, a menos que seja exclu\u00eddo pelo usu\u00e1rio antes da data de expira\u00e7\u00e3o;\u00a0um cookie de sess\u00e3o, por outro lado, expirar\u00e1 no final da sess\u00e3o do usu\u00e1rio, quando o navegador da web for fechado.\u00a0Os cookies normalmente n\u00e3o cont\u00eam nenhuma informa\u00e7\u00e3o que identifique pessoalmente um usu\u00e1rio, mas as informa\u00e7\u00f5es pessoais que armazenamos sobre voc\u00ea podem estar vinculadas \u00e0s informa\u00e7\u00f5es armazenadas e obtidas de cookies.<\/span><\/p>\n<p>&nbsp;<\/p>\n<p><strong><span>NOSSO USO DE COOKIES<\/span><\/strong><\/p>\n<p><span>Usamos cookies para os seguintes fins:<\/span><\/p>\n<p><span>(a) autentica\u00e7\u00e3o \u2013 usamos cookies para identific\u00e1-lo quando voc\u00ea visita nosso site e navega em nosso site;<\/span><\/p>\n<p><span>(b) status \u2013 usamos cookies para nos ajudar a determinar se voc\u00ea est\u00e1 logado em nosso site;<\/span><\/p>\n<p><span>(c) personaliza\u00e7\u00e3o \u2013 usamos cookies para armazenar informa\u00e7\u00f5es sobre suas prefer\u00eancias e personalizar o site para voc\u00ea;<\/span><\/p>\n<p><span>(d) seguran\u00e7a \u2013 usamos cookies como um elemento das medidas de seguran\u00e7a usadas para proteger as contas dos usu\u00e1rios, incluindo a preven\u00e7\u00e3o do uso fraudulento de credenciais de login e para proteger nosso site e servi\u00e7os em geral.<\/span><\/p>\n<p><span>(e) publicidade \u2013 usamos cookies para nos ajudar a exibir an\u00fancios que ser\u00e3o relevantes para voc\u00ea;\u00a0e<\/span><\/p>\n<p><span>(f) an\u00e1lise \u2013 usamos cookies para nos ajudar a analisar o uso e desempenho do nosso site e servi\u00e7os;<\/span><\/p>\n<p><span>Usamos o Google Analytics para analisar o uso do nosso site.\u00a0O Google Analytics coleta informa\u00e7\u00f5es sobre o uso do site por meio de cookies.\u00a0As informa\u00e7\u00f5es coletadas relacionadas ao nosso site s\u00e3o usadas para criar relat\u00f3rios sobre o uso do nosso site.\u00a0A pol\u00edtica de privacidade do Google est\u00e1 dispon\u00edvel em:\u00a0\u00a0<\/span><a href=\"https:\/\/translate.google.com\/website?sl=en&amp;tl=pt&amp;hl=en&amp;client=webapp&amp;u=https:\/\/www.google.com\/policies\/privacy\/\"><strong><span>https:\/\/www.google.com\/policies\/privacy\/<\/span><\/strong><\/a><\/p>\n<p><span>A maioria dos navegadores permite que voc\u00ea se recuse a aceitar cookies e exclua cookies.<\/span><\/p>\n<p><span>Observe que o bloqueio de cookies pode ter um impacto negativo nas fun\u00e7\u00f5es de muitos sites, incluindo nosso Site.\u00a0Alguns recursos do Site podem deixar de estar dispon\u00edveis para voc\u00ea.<\/span><\/p>\n<p><span>Alguns dos dados coletados podem ser dados an\u00f4nimos, que s\u00e3o combinados de forma agregada e n\u00e3o identificam voc\u00ea como indiv\u00edduo.<\/span><\/p>\n<p><strong><span>Cookies para publicidade na Internet<\/span><\/strong><\/p>\n<p><span>Como outras redes de an\u00fancios online, usamos cookies, web beacons (tamb\u00e9m conhecidos como tags de a\u00e7\u00e3o ou gifs de pixel \u00fanico) e outras tecnologias (coletivamente, \u201ccookies\u201d).\u00a0Os cookies nos permitem saber quais an\u00fancios voc\u00ea v\u00ea, quais an\u00fancios voc\u00ea clica e outras a\u00e7\u00f5es que voc\u00ea realiza em nossos sites e outros sites.\u00a0Isso nos permite fornecer an\u00fancios mais \u00fateis e relevantes.\u00a0Por exemplo, se soubermos quais an\u00fancios s\u00e3o exibidos, podemos ter cuidado para n\u00e3o mostrar os mesmos repetidamente.<\/span><\/p>\n<p><span>N\u00e3o associamos sua intera\u00e7\u00e3o com sites n\u00e3o afiliados \u00e0 sua identidade ao fornecer an\u00fancios com base em interesses.<\/span><\/p>\n<p><span>N\u00e3o fornecemos informa\u00e7\u00f5es pessoais a anunciantes ou sites de terceiros que exibem nossos an\u00fancios baseados em interesses.\u00a0No entanto, os anunciantes e outros terceiros (incluindo as redes de an\u00fancios, empresas de veicula\u00e7\u00e3o de an\u00fancios e outros provedores de servi\u00e7os que podem usar) podem presumir que os usu\u00e1rios que interagem ou clicam em um an\u00fancio ou conte\u00fado personalizado fazem parte do grupo que o an\u00fancio ou conte\u00fado \u00e9 direcionado (por exemplo, usu\u00e1rios em uma determinada \u00e1rea geogr\u00e1fica ou usu\u00e1rios que compraram ou navegaram por m\u00fasica cl\u00e1ssica).\u00a0Al\u00e9m disso, alguns terceiros podem nos fornecer informa\u00e7\u00f5es sobre voc\u00ea (como informa\u00e7\u00f5es demogr\u00e1ficas ou sites onde voc\u00ea viu an\u00fancios) de fontes offline e online que podemos usar para fornecer publicidade mais relevante e \u00fatil.<\/span><\/p>\n<p><span>\u00c0s vezes, anunciantes terceirizados ou empresas de publicidade que trabalham em seu nome usam a tecnologia para veicular os an\u00fancios que aparecem em nossos sites diretamente no seu navegador.\u00a0Eles recebem automaticamente seu endere\u00e7o IP quando isso acontece.\u00a0Eles tamb\u00e9m podem usar cookies para medir a efic\u00e1cia de seus an\u00fancios e personalizar o conte\u00fado da publicidade.\u00a0N\u00e3o temos acesso ou controle sobre cookies ou outros recursos que anunciantes e sites de terceiros podem usar, e as pr\u00e1ticas de informa\u00e7\u00e3o desses anunciantes e sites de terceiros n\u00e3o s\u00e3o cobertas por nosso Aviso de Privacidade ou por esta p\u00e1gina de Cookies e Publicidade na Internet.\u00a0Entre em contato diretamente com eles para obter mais informa\u00e7\u00f5es sobre suas pr\u00e1ticas de privacidade.<\/span><\/p>\n<p><strong><span>Cookies para Google Adsense<\/span><\/strong><\/p>\n<p><span>Tamb\u00e9m nos reservamos o direito de publicar an\u00fancios baseados em interesses do Google Adsense neste site.\u00a0Eles s\u00e3o adaptados pelo Google para refletir seus interesses.\u00a0Para determinar seus interesses, o Google rastrear\u00e1 seu comportamento na Web usando cookies.\u00a0Voc\u00ea pode visualizar, excluir ou adicionar categorias de interesse associadas ao seu navegador usando o Gerenciador de prefer\u00eancias de an\u00fancios do Google, dispon\u00edvel em: http:\/\/www.google.com\/ads\/preferences\/.\u00a0Voc\u00ea tamb\u00e9m pode desativar o cookie da rede de parceiros do Adsense em: http:\/\/www.google.com\/privacy_ads.html.\u00a0No entanto, esse mecanismo de desativa\u00e7\u00e3o usa um cookie e, se voc\u00ea limpar os cookies do seu navegador, sua desativa\u00e7\u00e3o n\u00e3o ser\u00e1 mantida.\u00a0Para garantir que uma desativa\u00e7\u00e3o seja mantida em rela\u00e7\u00e3o a um navegador espec\u00edfico, voc\u00ea deve usar o plug-in do navegador Google dispon\u00edvel em: http:\/\/www.google.com\/ads\/preferences\/plugin.<\/span><\/p>\n<p><strong><span>Outros cookies de terceiros<\/span><\/strong><\/p>\n<p><span>Quando voc\u00ea usa este site, tamb\u00e9m pode receber alguns outros cookies de terceiros, que podem ser usados \u200b\u200bpara as seguintes finalidades:<\/span><\/p>\n<p><span>lbaseado em desempenho<\/span><br \/>\n<span>l geolocaliza\u00e7\u00e3o e dispositivo usado<\/span><br \/>\n<span>l navegador e prefer\u00eancias de idioma<\/span><\/p>\n<p><strong><span>Recusando cookies<\/span><\/strong><\/p>\n<p><span>A maioria dos navegadores permite que voc\u00ea se recuse a aceitar cookies.<\/span><\/p>\n<p><span>No Internet Explorer, voc\u00ea pode recusar todos os cookies clicando em \u201cFerramentas\u201d, \u201cOp\u00e7\u00f5es da Internet\u201d, \u201cPrivacidade\u201d e selecionando \u201cBloquear todos os cookies\u201d usando o seletor deslizante.<\/span><\/p>\n<p><span>No Firefox, voc\u00ea pode ajustar suas configura\u00e7\u00f5es de cookies clicando em \u201cFerramentas\u201d, \u201cOp\u00e7\u00f5es\u201d e \u201cPrivacidade\u201d.<\/span><\/p>\n<p><span>O bloqueio de cookies ter\u00e1 um impacto negativo na usabilidade de alguns sites.<\/span><\/p>\n<p>&nbsp;<\/p>\n<p><span>Suas escolhas neste site ser\u00e3o aplicadas apenas para este site.\u00a0<span class=\"goog-text-highlight\">Voc\u00ea pode alterar suas configura\u00e7\u00f5es a qualquer momento, incluindo as etapas dispon\u00edveis para retirar seu consentimento, acessando a\u00a0 p\u00e1gina\u00a0<\/span><\/span><a href=\"https:\/\/prettytrendie.com\/br\/privacy-policy\/\"><u><span><span class=\"goog-text-highlight\">Pol\u00edtica de Privacidade<\/span><\/span><\/u><\/a><span><span class=\"goog-text-highlight\">\u00a0deste site.<\/span><\/span><\/p>\n<p>&nbsp;<\/p>\n<p>&nbsp;<\/p>\n","protected":false},"excerpt":{"rendered":"<p>Em vigor: 22 de fevereiro de 2022 Um cookie \u00e9 um arquivo que cont\u00e9m um identificador (uma sequ\u00eancia de letras e n\u00fameros) que \u00e9 enviado por um servidor da web&hellip;<\/p>\n","protected":false},"author":1,"featured_media":0,"parent":0,"menu_order":0,"comment_status":"closed","ping_status":"closed","template":"","meta":{"footnotes":""},"class_list":["post-26","page","type-page","status-publish"],"_links":{"self":[{"href":"https:\/\/prettytrendie.com\/br\/wp-json\/wp\/v2\/pages\/26","targetHints":{"allow":["GET"]}}],"collection":[{"href":"https:\/\/prettytrendie.com\/br\/wp-json\/wp\/v2\/pages"}],"about":[{"href":"https:\/\/prettytrendie.com\/br\/wp-json\/wp\/v2\/types\/page"}],"author":[{"embeddable":true,"href":"https:\/\/prettytrendie.com\/br\/wp-json\/wp\/v2\/users\/1"}],"replies":[{"embeddable":true,"href":"https:\/\/prettytrendie.com\/br\/wp-json\/wp\/v2\/comments?post=26"}],"version-history":[{"count":0,"href":"https:\/\/prettytrendie.com\/br\/wp-json\/wp\/v2\/pages\/26\/revisions"}],"wp:attachment":[{"href":"https:\/\/prettytrendie.com\/br\/wp-json\/wp\/v2\/media?parent=26"}],"curies":[{"name":"wp","href":"https:\/\/api.w.org\/{rel}","templated":true}]}}