{"id":24,"date":"2022-02-02T11:06:45","date_gmt":"2022-02-02T11:06:45","guid":{"rendered":"https:\/\/prettytrendie.com\/?page_id=24"},"modified":"2022-02-23T19:09:41","modified_gmt":"2022-02-23T19:09:41","slug":"terms-of-use","status":"publish","type":"page","link":"https:\/\/prettytrendie.com\/br\/terms-of-use\/","title":{"rendered":"Termos de utiliza\u00e7\u00e3o"},"content":{"rendered":"<h3 id=\"em-vigor-22-de-fevereiro-de-2022\"><span><span class=\"\">Em vigor: 22 de fevereiro de 2022<\/span><\/span><\/h3>\n<p><strong><span>Direito de propriedade intelectual<\/span><\/strong><\/p>\n<p><span>Salvo indica\u00e7\u00e3o em contr\u00e1rio, todo o conte\u00fado escrito neste site \u00e9 de propriedade da Yeeti Tech e\/ou de nossas afiliadas ou licenciadores, e \u00e9 protegido por direitos autorais, marcas registradas e outras leis de propriedade intelectual.\u00a0O Site \u00e9 fornecido exclusivamente para seu uso pessoal e n\u00e3o comercial.\u00a0Voc\u00ea n\u00e3o pode usar o Site ou os materiais dispon\u00edveis no Site de maneira que constitua uma viola\u00e7\u00e3o de nossos direitos ou que n\u00e3o tenha sido autorizado por n\u00f3s.\u00a0Mais especificamente, voc\u00ea n\u00e3o pode modificar, copiar, reproduzir, republicar, fazer upload, postar, traduzir, vender, criar trabalhos derivados, explorar ou distribuir de qualquer maneira ou meio (incluindo por e-mail ou outros meios eletr\u00f4nicos) qualquer material do Site sem permiss\u00e3o pr\u00e9via.\u00a0Voc\u00ea pode, no entanto, baixar, imprimir e\/ou compartilhar uma c\u00f3pia de p\u00e1ginas individuais do Site para uso n\u00e3o comercial,<\/span><\/p>\n<p><strong><span>Sua licen\u00e7a para n\u00f3s<\/span><\/strong><\/p>\n<p><span>Ao postar ou enviar qualquer material (incluindo, sem limita\u00e7\u00e3o, coment\u00e1rios, entradas de blog, postagens no Facebook, fotos e v\u00eddeos) para n\u00f3s por meio do Site, grupos da Internet, locais de m\u00eddia social ou para qualquer um de nossos funcion\u00e1rios por e-mail, texto ou de outra forma, voc\u00ea est\u00e1 declarando: (i) que voc\u00ea \u00e9 o propriet\u00e1rio do material, ou est\u00e1 fazendo sua postagem ou envio com o consentimento expresso do propriet\u00e1rio do material;\u00a0e (ii) que voc\u00ea tem treze anos de idade ou mais.\u00a0Al\u00e9m disso, quando voc\u00ea envia, envia por e-mail, envia ou publica qualquer material, est\u00e1 concedendo a n\u00f3s, e a qualquer pessoa autorizada por n\u00f3s, uma licen\u00e7a livre de royalties, perp\u00e9tua, irrevog\u00e1vel, n\u00e3o exclusiva, irrestrita e mundial para usar, copiar, modificar, transmitir, vender, explorar, criar trabalhos derivados, distribuir e\/ou executar ou exibir publicamente tal material, no todo ou em parte, de qualquer maneira ou meio,\u00a0agora conhecido ou desenvolvido no futuro, para qualquer finalidade.\u00a0A concess\u00e3o anterior deve incluir o direito de explorar quaisquer direitos de propriedade em tal postagem ou envio, incluindo, mas n\u00e3o limitado a, direitos sob direitos autorais, marcas registradas, marcas de servi\u00e7o ou leis de patentes sob qualquer jurisdi\u00e7\u00e3o relevante.\u00a0Al\u00e9m disso, em conex\u00e3o com o exerc\u00edcio de tais direitos, voc\u00ea concede a n\u00f3s, e a qualquer pessoa autorizada por n\u00f3s, o direito de identific\u00e1-lo como autor de qualquer uma de suas postagens ou envios por nome, endere\u00e7o de e-mail ou nome de tela, conforme julgarmos apropriado.<\/span><\/p>\n<p><strong><span>Limita\u00e7\u00f5es de vincula\u00e7\u00e3o e enquadramento<\/span><\/strong><\/p>\n<p><span>Voc\u00ea pode estabelecer um link de hipertexto para o Site, desde que o link n\u00e3o declare ou implique qualquer patroc\u00ednio de seu site por n\u00f3s ou pelo Site.\u00a0No entanto, voc\u00ea n\u00e3o pode, sem nossa permiss\u00e3o pr\u00e9via por escrito, enquadrar ou vincular qualquer conte\u00fado do Site, ou incorporar em outro site ou outro servi\u00e7o qualquer material, conte\u00fado ou propriedade intelectual.<\/span><\/p>\n<p><strong><span>Precis\u00e3o das informa\u00e7\u00f5es<\/span><\/strong><\/p>\n<p><span>Embora nos esforcemos para garantir que todas as informa\u00e7\u00f5es no Site sejam precisas, n\u00e3o podemos garantir que todas as informa\u00e7\u00f5es sejam precisas e atualizadas o tempo todo.\u00a0O Site cont\u00e9m uma grande quantidade de dados e \u00e9 prov\u00e1vel que ocorram erros no rastreamento de altera\u00e7\u00f5es \u2013 por exemplo, altera\u00e7\u00f5es em datas e hor\u00e1rios de eventos.<\/span><\/p>\n<p><span>N\u00f3s, portanto, n\u00e3o aceitamos qualquer responsabilidade por erro ou omiss\u00e3o em rela\u00e7\u00e3o ao conte\u00fado do Site.\u00a0Se voc\u00ea encontrar alguma informa\u00e7\u00e3o imprecisa no Site, por favor, informe-nos em\u00a0\u00a0<\/span><span>ads@yeeti.com\u00a0<\/span><span>\u00a0e n\u00f3s a corrigiremos assim que poss\u00edvel.<\/span><\/p>\n<p><span>Parte deste Site cont\u00e9m materiais enviados \u00e0 Yeeti Tech por Terceiros.\u00a0\u00c9 responsabilidade desses Terceiros garantir que os materiais enviados para inclus\u00e3o neste Site estejam em conformidade com as leis nacionais e estrangeiras relevantes.<\/span><\/p>\n<p><span>N\u00e3o podemos garantir a precis\u00e3o ou confiabilidade deste material e, por meio deste, nos isentamos de qualquer responsabilidade por erro, omiss\u00e3o ou imprecis\u00e3o no material ou por qualquer m\u00e1 interpreta\u00e7\u00e3o, perda, desapontamento, neglig\u00eancia ou dano causado pela confian\u00e7a em qualquer material contido no Site.<\/span><\/p>\n<p><span>Tamb\u00e9m n\u00e3o podemos aceitar a responsabilidade por qualquer falha ou alegada falha na presta\u00e7\u00e3o dos servi\u00e7os aqui referidos, ou em caso de fal\u00eancia, liquida\u00e7\u00e3o ou cessa\u00e7\u00e3o de actividade de qualquer empresa, indiv\u00edduo ou empresa aqui referida.\u00a0Aconselha-se a consultar o estabelecimento em causa.<\/span><\/p>\n<p><span>N\u00e3o aceitamos qualquer responsabilidade pelo conte\u00fado de qualquer Site para o qual exista um link de hipertexto deste Site.\u00a0Esses links s\u00e3o fornecidos para sua conveni\u00eancia &#8216;como est\u00e3o&#8217;.<\/span><\/p>\n<p><strong><span>SEM GARANTIA DE RESULTADOS<\/span><\/strong><\/p>\n<p><span>Conforme estabelecido mais detalhadamente na Isen\u00e7\u00e3o de responsabilidade, voc\u00ea concorda que a Empresa n\u00e3o deu nenhuma garantia sobre os resultados de qualquer a\u00e7\u00e3o, seja recomendada neste site ou n\u00e3o.\u00a0A Empresa fornece recursos educacionais e informativos destinados a ajudar os usu\u00e1rios deste site a serem bem-sucedidos.\u00a0No entanto, voc\u00ea reconhece que seu sucesso ou fracasso final ser\u00e1 o resultado de seus pr\u00f3prios esfor\u00e7os, sua situa\u00e7\u00e3o particular e in\u00fameras outras circunst\u00e2ncias al\u00e9m do controle e\/ou conhecimento da Empresa.<\/span><\/p>\n<p><span>Voc\u00ea tamb\u00e9m reconhece que resultados anteriores n\u00e3o garantem um resultado semelhante.\u00a0Assim, os resultados obtidos por terceiros \u2013 sejam clientes da Empresa ou n\u00e3o \u2013 aplicando os princ\u00edpios estabelecidos neste Site n\u00e3o s\u00e3o garantia de que voc\u00ea ou qualquer outra pessoa ou entidade ser\u00e1 capaz de obter resultados semelhantes.<\/span><\/p>\n<p><strong><span>Limita\u00e7\u00e3o de responsabilidade<\/span><\/strong><\/p>\n<p><span>SOB NENHUMA CIRCUNST\u00c2NCIA, INCLUINDO, MAS N\u00c3O SE LIMITANDO A, NEGLIG\u00caNCIA, N\u00d3S, NOSSAS SUBSIDI\u00c1RIAS E CONTROLADORAS OU AFILIADAS SEREMOS RESPONS\u00c1VEIS POR QUAISQUER DANOS DIRETOS, INDIRETOS, INCIDENTAIS, ESPECIAIS OU CONSEQUENTES QUE RESULTEM DO USO OU DA INCAPACIDADE DE USO, O SITE, INCLUINDO EM NOSSAS MENSAGENS, BLOGS, COMENT\u00c1RIOS DE TERCEIROS, LIVROS, E-MAILS, PRODUTOS OU SERVI\u00c7OS, OU MATERIAIS, PRODUTOS OU SERVI\u00c7OS DE TERCEIROS DISPONIBILIZADOS ATRAV\u00c9S DO SITE OU POR N\u00d3S DE QUALQUER FORMA, MESMO QUE SEJAMOS AVISADOS ANTES DA POSSIBILIDADE DE TAIS DANOS.\u00a0(PORQUE ALGUNS ESTADOS N\u00c3O PERMITEM A EXCLUS\u00c3O OU LIMITA\u00c7\u00c3O DE CERTAS CATEGORIAS DE DANOS, A LIMITA\u00c7\u00c3O ACIMA PODE N\u00c3O SE APLICAR A VOC\u00ca. EM TAIS ESTADOS, NOSSA RESPONSABILIDADE E A RESPONSABILIDADE DE NOSSAS SUBSIDI\u00c1RIAS E CONTROLADORAS OU AFILIADAS EST\u00c1 LIMITADA AO M\u00c1XIMO PERMITIDO POR TAL LEI ESTADUAL.\u00a0) VOC\u00ca RECONHECE ESPECIFICAMENTE E CONCORDA QUE N\u00c3O NOS RESPONSABILIZAMOS POR QUALQUER CONDUTA DIFAMAT\u00d3RIA, OFENSIVA OU ILEGAL DE QUALQUER USU\u00c1RIO.\u00a0SE VOC\u00ca ESTIVER INSATISFEITO COM O SITE, QUAISQUER MATERIAIS, PRODUTOS OU SERVI\u00c7OS NO SITE, OU COM QUALQUER DOS TERMOS E CONDI\u00c7\u00d5ES DO SITE, SEU \u00daNICO E EXCLUSIVO RECURSO \u00c9 PARAR DE USAR O SITE E OS PRODUTOS, SERVI\u00c7OS E\/OU MATERIAIS.<\/span><\/p>\n<p><strong><span>Rescis\u00e3o e restri\u00e7\u00e3o de acesso<\/span><\/strong><\/p>\n<p><span>A Empresa reserva-se o direito, a seu exclusivo crit\u00e9rio, de encerrar seu acesso ao Site e aos servi\u00e7os relacionados ou qualquer parte dele a qualquer momento, sem aviso pr\u00e9vio.\u00a0Na extens\u00e3o m\u00e1xima permitida por lei, e voc\u00ea consente em resolver todas e quaisquer disputas decorrentes ou relacionadas a este Site ou aos Termos de Uso de acordo com a Cl\u00e1usula Compromiss\u00f3ria acima.\u00a0O uso do Site n\u00e3o \u00e9 autorizado em qualquer jurisdi\u00e7\u00e3o que n\u00e3o d\u00ea efeito a todas as disposi\u00e7\u00f5es destes Termos, incluindo, sem limita\u00e7\u00e3o, esta se\u00e7\u00e3o.<\/span><\/p>\n<p><strong><span>Avisos DMCA<\/span><\/strong><\/p>\n<p><span>O Site cria todo o conte\u00fado e tamb\u00e9m busca imagens via Creative Commons ou compra licen\u00e7as de imagem ou obt\u00e9m permiss\u00e3o do artista para usar seu trabalho.\u00a0Tenho o mais profundo respeito pelos direitos dos outros em seu trabalho.<\/span><\/p>\n<p><span>Se voc\u00ea achar que seus direitos autorais foram violados, envie-nos um aviso de remo\u00e7\u00e3o da DMCA e teremos prazer em remov\u00ea-lo.\u00a0Voc\u00ea pode enviar o aviso para\u00a0\u00a0<\/span><span>ads@yeeti.com\u00a0<\/span><span>\u00a0ou Yeeti Tech International Plaza #22-02<\/span><br \/>\n<span>Singapore 079903<\/span><\/p>\n<p><strong><span>Lei Aplic\u00e1vel<\/span><\/strong><\/p>\n<p><span>Estes Termos devem ser interpretados de acordo e regidos pelas leis de Cingapura, sem refer\u00eancia \u00e0s suas regras relativas a conflitos de leis.\u00a0Voc\u00ea concorda irrevogavelmente com a jurisdi\u00e7\u00e3o exclusiva.<\/span><\/p>\n","protected":false},"excerpt":{"rendered":"<p>Em vigor: 22 de fevereiro de 2022 Direito de propriedade intelectual Salvo indica\u00e7\u00e3o em contr\u00e1rio, todo o conte\u00fado escrito neste site \u00e9 de propriedade da Yeeti Tech e\/ou de nossas&hellip;<\/p>\n","protected":false},"author":1,"featured_media":0,"parent":0,"menu_order":0,"comment_status":"closed","ping_status":"closed","template":"","meta":{"footnotes":""},"class_list":["post-24","page","type-page","status-publish"],"_links":{"self":[{"href":"https:\/\/prettytrendie.com\/br\/wp-json\/wp\/v2\/pages\/24","targetHints":{"allow":["GET"]}}],"collection":[{"href":"https:\/\/prettytrendie.com\/br\/wp-json\/wp\/v2\/pages"}],"about":[{"href":"https:\/\/prettytrendie.com\/br\/wp-json\/wp\/v2\/types\/page"}],"author":[{"embeddable":true,"href":"https:\/\/prettytrendie.com\/br\/wp-json\/wp\/v2\/users\/1"}],"replies":[{"embeddable":true,"href":"https:\/\/prettytrendie.com\/br\/wp-json\/wp\/v2\/comments?post=24"}],"version-history":[{"count":0,"href":"https:\/\/prettytrendie.com\/br\/wp-json\/wp\/v2\/pages\/24\/revisions"}],"wp:attachment":[{"href":"https:\/\/prettytrendie.com\/br\/wp-json\/wp\/v2\/media?parent=24"}],"curies":[{"name":"wp","href":"https:\/\/api.w.org\/{rel}","templated":true}]}}