{"id":21,"date":"2022-02-02T11:03:46","date_gmt":"2022-02-02T11:03:46","guid":{"rendered":"https:\/\/prettytrendie.com\/?page_id=21"},"modified":"2022-03-17T07:59:46","modified_gmt":"2022-03-17T07:59:46","slug":"about-us","status":"publish","type":"page","link":"https:\/\/prettytrendie.com\/br\/about-us\/","title":{"rendered":"Sobre N\u00f3s"},"content":{"rendered":"<blockquote><p><img loading=\"lazy\" decoding=\"async\" class=\"aligncenter wp-image-572 size-full\" title=\"Pretty Trendie - Aprimore sua apar\u00eancia e estilo com as \u00faltimas tend\u00eancias da moda!\" src=\"https:\/\/prettytrendie.com\/br\/wp-content\/uploads\/2022\/03\/pretty02.jpg\" alt=\"\" width=\"162\" height=\"60\" srcset=\"https:\/\/prettytrendie.com\/br\/wp-content\/uploads\/2022\/03\/pretty02.jpg 162w, https:\/\/prettytrendie.com\/br\/wp-content\/uploads\/2022\/03\/pretty02-120x44.jpg 120w, https:\/\/prettytrendie.com\/br\/wp-content\/uploads\/2022\/03\/pretty02-90x33.jpg 90w\" sizes=\"auto, (max-width: 162px) 100vw, 162px\" \/><\/p>\n<p>Pretty Trendie &#8211; Aprimore sua apar\u00eancia e estilo com as \u00faltimas tend\u00eancias da moda!<\/p><\/blockquote>\n<p><a href=\"http:\/\/prettytrendie.com\" target=\"_blank\" rel=\"noopener\"><strong>Pretty Trendie<\/strong><\/a> \u00e9 um blog de moda especializado nas \u00faltimas tend\u00eancias de moda e compras. Nosso objetivo \u00e9 ser a melhor refer\u00eancia que destacar\u00e1 as necessidades de todas as mulheres para aprimorar seu estilo atualizado e aumentar sua confian\u00e7a ao enfrentar nosso novo mundo normal.<\/p>\n<p>Acreditamos que acompanhar a \u00faltima tend\u00eancia da moda n\u00e3o \u00e9 realmente caro, \u00e9 um investimento que lhe dar\u00e1 a oportunidade de ficar na moda, com estilo, de acordo com a escolha de suas roupas de moda, bolsas, sapatos, joias, rel\u00f3gios e beleza &amp; Produtos de cuidados com a pele. Por todos os meios, voc\u00ea n\u00e3o precisa se esfor\u00e7ar, pois as tend\u00eancias da moda mudam a cada temporada e a cada ano.<\/p>\n<p><a href=\"http:\/\/prettytrendie.com\" target=\"_blank\" rel=\"noopener\"><em>PrettyTrendie.com<\/em><\/a> apresentar\u00e1 dicas e guias de artigos de blog para mulheres interessadas em tend\u00eancias da moda, estilo de vida e compras. Comece a explorar nosso site hoje e aprenda com as melhores dicas e artigos de guia que certamente ajudar\u00e3o voc\u00ea a melhorar seu senso e gosto de moda ao mesmo tempo.<\/p>\n","protected":false},"excerpt":{"rendered":"<p>Pretty Trendie &#8211; Aprimore sua apar\u00eancia e estilo com as \u00faltimas tend\u00eancias da moda! Pretty Trendie \u00e9 um blog de moda especializado nas \u00faltimas tend\u00eancias de moda e compras. Nosso&hellip;<\/p>\n","protected":false},"author":1,"featured_media":0,"parent":0,"menu_order":0,"comment_status":"closed","ping_status":"closed","template":"","meta":{"footnotes":""},"class_list":["post-21","page","type-page","status-publish"],"_links":{"self":[{"href":"https:\/\/prettytrendie.com\/br\/wp-json\/wp\/v2\/pages\/21","targetHints":{"allow":["GET"]}}],"collection":[{"href":"https:\/\/prettytrendie.com\/br\/wp-json\/wp\/v2\/pages"}],"about":[{"href":"https:\/\/prettytrendie.com\/br\/wp-json\/wp\/v2\/types\/page"}],"author":[{"embeddable":true,"href":"https:\/\/prettytrendie.com\/br\/wp-json\/wp\/v2\/users\/1"}],"replies":[{"embeddable":true,"href":"https:\/\/prettytrendie.com\/br\/wp-json\/wp\/v2\/comments?post=21"}],"version-history":[{"count":3,"href":"https:\/\/prettytrendie.com\/br\/wp-json\/wp\/v2\/pages\/21\/revisions"}],"predecessor-version":[{"id":575,"href":"https:\/\/prettytrendie.com\/br\/wp-json\/wp\/v2\/pages\/21\/revisions\/575"}],"wp:attachment":[{"href":"https:\/\/prettytrendie.com\/br\/wp-json\/wp\/v2\/media?parent=21"}],"curies":[{"name":"wp","href":"https:\/\/api.w.org\/{rel}","templated":true}]}}